{"id":21,"date":"2025-06-20T06:58:53","date_gmt":"2025-06-20T06:58:53","guid":{"rendered":"https:\/\/www.renovatieneodak.nl\/?page_id=21"},"modified":"2025-08-29T08:17:20","modified_gmt":"2025-08-29T08:17:20","slug":"vacature","status":"publish","type":"page","link":"https:\/\/www.renovatieneodak.nl\/pl\/vacature\/","title":{"rendered":"Oferty pracy"},"content":{"rendered":"<div data-elementor-type=\"wp-page\" data-elementor-id=\"21\" class=\"elementor elementor-21\" data-elementor-post-type=\"page\">\n\t\t\t\t<div class=\"elementor-element elementor-element-cb84236 e-flex e-con-boxed e-con e-parent\" data-id=\"cb84236\" data-element_type=\"container\" data-e-type=\"container\" data-settings=\"{&quot;background_background&quot;:&quot;classic&quot;,&quot;animation_mobile&quot;:&quot;fadeIn&quot;}\">\n\t\t\t\t\t<div class=\"e-con-inner\">\n\t\t<div class=\"elementor-element elementor-element-a1727ff e-con-full e-flex e-con e-child\" data-id=\"a1727ff\" data-element_type=\"container\" data-e-type=\"container\">\n\t\t<div class=\"elementor-element elementor-element-6ca5ba0 e-con-full e-flex e-con e-child\" data-id=\"6ca5ba0\" data-element_type=\"container\" data-e-type=\"container\">\n\t\t\t\t<div class=\"elementor-element elementor-element-8b23588 elementor-widget elementor-widget-heading\" data-id=\"8b23588\" data-element_type=\"widget\" data-e-type=\"widget\" data-widget_type=\"heading.default\">\n\t\t\t\t<div class=\"elementor-widget-container\">\n\t\t\t\t\t<h2 class=\"elementor-heading-title elementor-size-default\">Oferty pracy<\/h2>\t\t\t\t<\/div>\n\t\t\t\t<\/div>\n\t\t\t\t<\/div>\n\t\t\t\t<\/div>\n\t\t\t\t\t<\/div>\n\t\t\t\t<\/div>\n\t\t<div class=\"elementor-element elementor-element-182a89a e-flex e-con-boxed elementor-invisible e-con e-parent\" data-id=\"182a89a\" data-element_type=\"container\" data-e-type=\"container\" data-settings=\"{&quot;animation&quot;:&quot;fadeInUp&quot;}\">\n\t\t\t\t\t<div class=\"e-con-inner\">\n\t\t<div class=\"elementor-element elementor-element-d2ab165 e-con-full e-flex e-con e-child\" data-id=\"d2ab165\" data-element_type=\"container\" data-e-type=\"container\">\n\t\t<div class=\"elementor-element elementor-element-bfa2e29 e-con-full e-flex e-con e-child\" data-id=\"bfa2e29\" data-element_type=\"container\" data-e-type=\"container\">\n\t\t\t\t<div class=\"elementor-element elementor-element-7a3b48b elementor-widget elementor-widget-heading\" data-id=\"7a3b48b\" data-element_type=\"widget\" data-e-type=\"widget\" data-settings=\"{&quot;_animation_mobile&quot;:&quot;fadeInUp&quot;}\" data-widget_type=\"heading.default\">\n\t\t\t\t<div class=\"elementor-widget-container\">\n\t\t\t\t\t<h2 class=\"elementor-heading-title elementor-size-default\">Praca w NEODAK?<\/h2>\t\t\t\t<\/div>\n\t\t\t\t<\/div>\n\t\t\t\t<div class=\"elementor-element elementor-element-216b343 elementor-widget elementor-widget-heading\" data-id=\"216b343\" data-element_type=\"widget\" data-e-type=\"widget\" data-settings=\"{&quot;_animation_mobile&quot;:&quot;fadeInUp&quot;}\" data-widget_type=\"heading.default\">\n\t\t\t\t<div class=\"elementor-widget-container\">\n\t\t\t\t\t<h2 class=\"elementor-heading-title elementor-size-default\">Razem budujemy co\u015b pi\u0119knego?<\/h2>\t\t\t\t<\/div>\n\t\t\t\t<\/div>\n\t\t\t\t<div class=\"elementor-element elementor-element-5749d01 elementor-widget elementor-widget-text-editor\" data-id=\"5749d01\" data-element_type=\"widget\" data-e-type=\"widget\" data-settings=\"{&quot;_animation_mobile&quot;:&quot;fadeInUp&quot;}\" data-widget_type=\"text-editor.default\">\n\t\t\t\t<div class=\"elementor-widget-container\">\n\t\t\t\t\t\t\t\t\t<p>Het vakkundige team van NEODAK bestaat uit gedreven dakdekkers en specialisten die elke dag met passie werken aan duurzame en betrouwbare dakoplossingen. Zou u willen werken in ons team en denkt u met uw kennis en inzet een goede aanvulling te kunnen zijn, reageer dan via onderstaande of specifieke vacature op onze site.\u00a0<\/p><p>Nie ma tu Twojej wymarzonej pracy? Wy\u015blij nam w takim razie otwart\u0105 aplikacj\u0119 na adres <a href=\"mailto:info@neodak.nl\">info@neodak.nl<\/a>,razem z kr\u00f3tkim listem motywacyjnym i szczeg\u00f3\u0142owym CV. Kto wie, mo\u017ce wkr\u00f3tce spotkamy si\u0119 przy fili\u017cance kawy (lub czym\u015b innym smacznym)!<\/p>\t\t\t\t\t\t\t\t<\/div>\n\t\t\t\t<\/div>\n\t\t\t\t<\/div>\n\t\t\t\t<\/div>\n\t\t\t\t\t<\/div>\n\t\t\t\t<\/div>\n\t\t<div class=\"elementor-element elementor-element-2560a43 e-flex e-con-boxed elementor-invisible e-con e-parent\" data-id=\"2560a43\" data-element_type=\"container\" data-e-type=\"container\" data-settings=\"{&quot;animation&quot;:&quot;fadeInUp&quot;}\">\n\t\t\t\t\t<div class=\"e-con-inner\">\n\t\t<div class=\"elementor-element elementor-element-f040ba7 e-con-full e-flex e-con e-child\" data-id=\"f040ba7\" data-element_type=\"container\" data-e-type=\"container\">\n\t\t<div class=\"elementor-element elementor-element-3e5405d e-grid e-con-full e-con e-child\" data-id=\"3e5405d\" data-element_type=\"container\" data-e-type=\"container\">\n\t\t<div class=\"elementor-element elementor-element-af5030c e-con-full e-flex e-con e-child\" data-id=\"af5030c\" data-element_type=\"container\" data-e-type=\"container\" data-settings=\"{&quot;background_background&quot;:&quot;classic&quot;}\">\n\t\t\t\t<div class=\"elementor-element elementor-element-591b0d9 elementor-widget elementor-widget-heading\" data-id=\"591b0d9\" data-element_type=\"widget\" data-e-type=\"widget\" data-settings=\"{&quot;_animation_mobile&quot;:&quot;fadeInUp&quot;}\" data-widget_type=\"heading.default\">\n\t\t\t\t<div class=\"elementor-widget-container\">\n\t\t\t\t\t<h2 class=\"elementor-heading-title elementor-size-default\">Oferta pracy: Pracownik administracyjny<\/h2>\t\t\t\t<\/div>\n\t\t\t\t<\/div>\n\t\t\t\t<div class=\"elementor-element elementor-element-d7b0144 elementor-widget elementor-widget-text-editor\" data-id=\"d7b0144\" data-element_type=\"widget\" data-e-type=\"widget\" data-widget_type=\"text-editor.default\">\n\t\t\t\t<div class=\"elementor-widget-container\">\n\t\t\t\t\t\t\t\t\t<p>\u20ac2.500 \u2013 \u20ac3.500 miesi\u0119cznie<\/p><p>24 \u2013 40 godzin tygodniowo<\/p><p>Drunen<\/p><p>J\u0119zyk polski (mile widziany)<\/p>\t\t\t\t\t\t\t\t<\/div>\n\t\t\t\t<\/div>\n\t\t\t\t<div class=\"elementor-element elementor-element-d26d50f elementor-widget elementor-widget-ucaddon_underline_link_hover_effect\" data-id=\"d26d50f\" data-element_type=\"widget\" data-e-type=\"widget\" data-settings=\"{&quot;_animation_mobile&quot;:&quot;fadeInUp&quot;}\" data-widget_type=\"ucaddon_underline_link_hover_effect.default\">\n\t\t\t\t<div class=\"elementor-widget-container\">\n\t\t\t\t\t\n<!-- start Underline Link Hover Effect -->\n\t\t<link id='font-awesome-css' href='https:\/\/www.renovatieneodak.nl\/wp-content\/plugins\/unlimited-elements-for-elementor-premium\/assets_libraries\/font-awesome6\/fontawesome-all.min.css' type='text\/css' rel='stylesheet' >\n\t\t<link id='font-awesome-4-shim-css' href='https:\/\/www.renovatieneodak.nl\/wp-content\/plugins\/unlimited-elements-for-elementor-premium\/assets_libraries\/font-awesome6\/fontawesome-v4-shims.min.css' type='text\/css' rel='stylesheet' >\n\n<style>\/* widget: Underline Link Hover Effect *\/\n\n#uc_underline_link_hover_effect_elementor_d26d50f{\n  display:flex;\n} \n\n#uc_underline_link_hover_effect_elementor_d26d50f a.ue-link{\n  display:flex;\n  position:relative;\n  align-items:center;\n  justify-content:center;\n  text-decoration:none;\n}\n\n#uc_underline_link_hover_effect_elementor_d26d50f a.ue-link:after{\n  content: \"\";\n    width:100%;\n    position:absolute;\n  bottom:0px;\n    left:0px;\n    display: block;\n  transition:1s;\n}\n\n#uc_underline_link_hover_effect_elementor_d26d50f a:hover:after{\n    width:0%;\n  }\n\n#uc_underline_link_hover_effect_elementor_d26d50f .ue-link-hover-effect-spacing{\n  transition:1s;\n}\n\n#uc_underline_link_hover_effect_elementor_d26d50f .ue-link-hover-effect-text{\n  padding:10px 0px;\n}\n\n#uc_underline_link_hover_effect_elementor_d26d50f .ue-link-hover-effect-icon{\n  line-height:1em;\n  transition:1s;\n}\n\n#uc_underline_link_hover_effect_elementor_d26d50f .ue-link-hover-effect-icon svg{\n  height:1em;\n  width:1em;\n}\n\n<\/style>\n\n<div id=\"uc_underline_link_hover_effect_elementor_d26d50f\" class=\"ue-link-wrap\">\n  <a class=\"ue-link\" href=\"https:\/\/www.renovatieneodak.nl\/pl\/vacature-administratief-medewerker\/\" >\n    <div class=\"ue-link-hover-effect-text\">ZOBACZ OFERT\u0118 PRACY<\/div>\n    <div class=\"ue-link-hover-effect-spacing\"><\/div>\n    <div class=\"ue-link-hover-effect-icon\"><svg xmlns=\"http:\/\/www.w3.org\/2000\/svg\" id=\"Layer_1\" viewbox=\"0 0 56.33 54.22\"><path d=\"M48.04,54.22H3.09v-4.81c14.96.05,29.91.1,44.87.15C31.97,34.08,15.99,18.61,0,3.14,1.19,2.09,2.37,1.05,3.56,0c15.98,15.46,31.95,30.91,47.93,46.37-.15-14.67-.3-29.34-.45-44.01h5.29v51.86h-8.29Z\"><\/path><\/svg><\/div>\n  <\/a>\n<\/div>\n<!-- end Underline Link Hover Effect -->\t\t\t\t<\/div>\n\t\t\t\t<\/div>\n\t\t\t\t<\/div>\n\t\t<div class=\"elementor-element elementor-element-109b27c e-con-full e-flex e-con e-child\" data-id=\"109b27c\" data-element_type=\"container\" data-e-type=\"container\" data-settings=\"{&quot;background_background&quot;:&quot;classic&quot;}\">\n\t\t\t\t<div class=\"elementor-element elementor-element-dbc7eb2 elementor-widget elementor-widget-heading\" data-id=\"dbc7eb2\" data-element_type=\"widget\" data-e-type=\"widget\" data-settings=\"{&quot;_animation_mobile&quot;:&quot;fadeInUp&quot;}\" data-widget_type=\"heading.default\">\n\t\t\t\t<div class=\"elementor-widget-container\">\n\t\t\t\t\t<h2 class=\"elementor-heading-title elementor-size-default\">Oferta pracy: Kalkulator \/ Specjalista ds. przygotowania prac<\/h2>\t\t\t\t<\/div>\n\t\t\t\t<\/div>\n\t\t\t\t<div class=\"elementor-element elementor-element-f2a68be elementor-widget elementor-widget-text-editor\" data-id=\"f2a68be\" data-element_type=\"widget\" data-e-type=\"widget\" data-widget_type=\"text-editor.default\">\n\t\t\t\t<div class=\"elementor-widget-container\">\n\t\t\t\t\t\t\t\t\t<p>\u20ac3.000 \u2013 \u20ac6.000 miesi\u0119cznie<\/p><p>24 \u2013 40 godzin tygodniowo<\/p><p>Drunen<\/p>\t\t\t\t\t\t\t\t<\/div>\n\t\t\t\t<\/div>\n\t\t\t\t<div class=\"elementor-element elementor-element-334eab3 elementor-widget elementor-widget-ucaddon_underline_link_hover_effect\" data-id=\"334eab3\" data-element_type=\"widget\" data-e-type=\"widget\" data-settings=\"{&quot;_animation_mobile&quot;:&quot;fadeInUp&quot;}\" data-widget_type=\"ucaddon_underline_link_hover_effect.default\">\n\t\t\t\t<div class=\"elementor-widget-container\">\n\t\t\t\t\t\n<!-- start Underline Link Hover Effect -->\n\n<style>\/* widget: Underline Link Hover Effect *\/\n\n#uc_underline_link_hover_effect_elementor_334eab3{\n  display:flex;\n} \n\n#uc_underline_link_hover_effect_elementor_334eab3 a.ue-link{\n  display:flex;\n  position:relative;\n  align-items:center;\n  justify-content:center;\n  text-decoration:none;\n}\n\n#uc_underline_link_hover_effect_elementor_334eab3 a.ue-link:after{\n  content: \"\";\n    width:100%;\n    position:absolute;\n  bottom:0px;\n    left:0px;\n    display: block;\n  transition:1s;\n}\n\n#uc_underline_link_hover_effect_elementor_334eab3 a:hover:after{\n    width:0%;\n  }\n\n#uc_underline_link_hover_effect_elementor_334eab3 .ue-link-hover-effect-spacing{\n  transition:1s;\n}\n\n#uc_underline_link_hover_effect_elementor_334eab3 .ue-link-hover-effect-text{\n  padding:10px 0px;\n}\n\n#uc_underline_link_hover_effect_elementor_334eab3 .ue-link-hover-effect-icon{\n  line-height:1em;\n  transition:1s;\n}\n\n#uc_underline_link_hover_effect_elementor_334eab3 .ue-link-hover-effect-icon svg{\n  height:1em;\n  width:1em;\n}\n\n<\/style>\n\n<div id=\"uc_underline_link_hover_effect_elementor_334eab3\" class=\"ue-link-wrap\">\n  <a class=\"ue-link\" href=\"https:\/\/www.renovatieneodak.nl\/pl\/vacature-calculator-werkvoorbereider\/\" >\n    <div class=\"ue-link-hover-effect-text\">ZOBACZ OFERT\u0118 PRACY<\/div>\n    <div class=\"ue-link-hover-effect-spacing\"><\/div>\n    <div class=\"ue-link-hover-effect-icon\"><svg xmlns=\"http:\/\/www.w3.org\/2000\/svg\" id=\"Layer_1\" viewbox=\"0 0 56.33 54.22\"><path d=\"M48.04,54.22H3.09v-4.81c14.96.05,29.91.1,44.87.15C31.97,34.08,15.99,18.61,0,3.14,1.19,2.09,2.37,1.05,3.56,0c15.98,15.46,31.95,30.91,47.93,46.37-.15-14.67-.3-29.34-.45-44.01h5.29v51.86h-8.29Z\"><\/path><\/svg><\/div>\n  <\/a>\n<\/div>\n<!-- end Underline Link Hover Effect -->\t\t\t\t<\/div>\n\t\t\t\t<\/div>\n\t\t\t\t<\/div>\n\t\t\t\t<\/div>\n\t\t\t\t<\/div>\n\t\t\t\t\t<\/div>\n\t\t\t\t<\/div>\n\t\t\t\t<\/div>","protected":false},"excerpt":{"rendered":"<p>Vacature Werken bij NEODAK Samen bouwen aan iets moois? Het vakkundige team van NEODAK bestaat uit gedreven dakdekkers en specialisten die elke dag met passie werken aan duurzame en betrouwbare dakoplossingen. Zou u willen werken in ons team en denkt u met uw kennis en inzet een goede aanvulling te kunnen zijn, reageer dan via [&hellip;]<\/p>\n","protected":false},"author":1,"featured_media":0,"parent":0,"menu_order":0,"comment_status":"closed","ping_status":"closed","template":"","meta":{"footnotes":""},"class_list":["post-21","page","type-page","status-publish","hentry"],"_links":{"self":[{"href":"https:\/\/www.renovatieneodak.nl\/pl\/wp-json\/wp\/v2\/pages\/21","targetHints":{"allow":["GET"]}}],"collection":[{"href":"https:\/\/www.renovatieneodak.nl\/pl\/wp-json\/wp\/v2\/pages"}],"about":[{"href":"https:\/\/www.renovatieneodak.nl\/pl\/wp-json\/wp\/v2\/types\/page"}],"author":[{"embeddable":true,"href":"https:\/\/www.renovatieneodak.nl\/pl\/wp-json\/wp\/v2\/users\/1"}],"replies":[{"embeddable":true,"href":"https:\/\/www.renovatieneodak.nl\/pl\/wp-json\/wp\/v2\/comments?post=21"}],"version-history":[{"count":244,"href":"https:\/\/www.renovatieneodak.nl\/pl\/wp-json\/wp\/v2\/pages\/21\/revisions"}],"predecessor-version":[{"id":3132,"href":"https:\/\/www.renovatieneodak.nl\/pl\/wp-json\/wp\/v2\/pages\/21\/revisions\/3132"}],"wp:attachment":[{"href":"https:\/\/www.renovatieneodak.nl\/pl\/wp-json\/wp\/v2\/media?parent=21"}],"curies":[{"name":"wp","href":"https:\/\/api.w.org\/{rel}","templated":true}]}}