{"id":589,"date":"2025-06-20T14:27:30","date_gmt":"2025-06-20T14:27:30","guid":{"rendered":"https:\/\/www.renovatieneodak.nl\/?page_id=589"},"modified":"2025-08-12T11:41:54","modified_gmt":"2025-08-12T11:41:54","slug":"service-onderhoud","status":"publish","type":"page","link":"https:\/\/www.renovatieneodak.nl\/pl\/service-onderhoud\/","title":{"rendered":"Serwis i konserwacja"},"content":{"rendered":"<div data-elementor-type=\"wp-page\" data-elementor-id=\"589\" class=\"elementor elementor-589\" data-elementor-post-type=\"page\">\n\t\t\t\t<div class=\"elementor-element elementor-element-2895fa0 e-flex e-con-boxed e-con e-parent\" data-id=\"2895fa0\" data-element_type=\"container\" data-e-type=\"container\" data-settings=\"{&quot;background_background&quot;:&quot;classic&quot;,&quot;animation_mobile&quot;:&quot;fadeIn&quot;}\">\n\t\t\t\t\t<div class=\"e-con-inner\">\n\t\t<div class=\"elementor-element elementor-element-b5f6b6d e-con-full e-flex e-con e-child\" data-id=\"b5f6b6d\" data-element_type=\"container\" data-e-type=\"container\">\n\t\t<div class=\"elementor-element elementor-element-7280f5d e-con-full e-flex e-con e-child\" data-id=\"7280f5d\" data-element_type=\"container\" data-e-type=\"container\">\n\t\t\t\t<div class=\"elementor-element elementor-element-309dafe elementor-widget elementor-widget-heading\" data-id=\"309dafe\" data-element_type=\"widget\" data-e-type=\"widget\" data-widget_type=\"heading.default\">\n\t\t\t\t<div class=\"elementor-widget-container\">\n\t\t\t\t\t<h2 class=\"elementor-heading-title elementor-size-default\">Serwis i konserwacja<\/h2>\t\t\t\t<\/div>\n\t\t\t\t<\/div>\n\t\t\t\t<\/div>\n\t\t\t\t<\/div>\n\t\t\t\t\t<\/div>\n\t\t\t\t<\/div>\n\t\t<div class=\"elementor-element elementor-element-e40a493 e-flex e-con-boxed elementor-invisible e-con e-parent\" data-id=\"e40a493\" data-element_type=\"container\" data-e-type=\"container\" data-settings=\"{&quot;animation&quot;:&quot;fadeInUp&quot;}\">\n\t\t\t\t\t<div class=\"e-con-inner\">\n\t\t<div class=\"elementor-element elementor-element-c4e778d e-con-full e-flex e-con e-child\" data-id=\"c4e778d\" data-element_type=\"container\" data-e-type=\"container\">\n\t\t<div class=\"elementor-element elementor-element-9314dd6 e-con-full e-flex e-con e-child\" data-id=\"9314dd6\" data-element_type=\"container\" data-e-type=\"container\">\n\t\t\t\t<div class=\"elementor-element elementor-element-5c9b5a1 elementor-widget elementor-widget-heading\" data-id=\"5c9b5a1\" data-element_type=\"widget\" data-e-type=\"widget\" data-settings=\"{&quot;_animation_mobile&quot;:&quot;fadeInUp&quot;}\" data-widget_type=\"heading.default\">\n\t\t\t\t<div class=\"elementor-widget-container\">\n\t\t\t\t\t<h2 class=\"elementor-heading-title elementor-size-default\">NEODAK B.V.<\/h2>\t\t\t\t<\/div>\n\t\t\t\t<\/div>\n\t\t\t\t<div class=\"elementor-element elementor-element-5e970b2 elementor-widget elementor-widget-heading\" data-id=\"5e970b2\" data-element_type=\"widget\" data-e-type=\"widget\" data-settings=\"{&quot;_animation_mobile&quot;:&quot;fadeInUp&quot;}\" data-widget_type=\"heading.default\">\n\t\t\t\t<div class=\"elementor-widget-container\">\n\t\t\t\t\t<h2 class=\"elementor-heading-title elementor-size-default\">Serwis i konserwacja<\/h2>\t\t\t\t<\/div>\n\t\t\t\t<\/div>\n\t\t\t\t<div class=\"elementor-element elementor-element-f4e407e elementor-widget elementor-widget-text-editor\" data-id=\"f4e407e\" data-element_type=\"widget\" data-e-type=\"widget\" data-settings=\"{&quot;_animation_mobile&quot;:&quot;fadeInUp&quot;}\" data-widget_type=\"text-editor.default\">\n\t\t\t\t<div class=\"elementor-widget-container\">\n\t\t\t\t\t\t\t\t\t<p>W Neodak B.V. jeste\u015bmy gotowi \u015bwiadczy\u0107 us\u0142ugi serwisowe i wykonywa\u0107 prace konserwacyjne na dachach p\u0142askich ka\u017cdego typu i rozmiaru. Nasi do\u015bwiadczeni monterzy posiadaj\u0105 wiedz\u0119 i narz\u0119dzia do pracy z ka\u017cdym materia\u0142em \u2013 od papy bitumicznej i tworzyw sztucznych po dachy zielone, izolacje dachowe i systemy bezpiecze\u0144stwa dachowego.<\/p>\t\t\t\t\t\t\t\t<\/div>\n\t\t\t\t<\/div>\n\t\t\t\t<div class=\"elementor-element elementor-element-7a3b97a elementor-widget elementor-widget-ucaddon_underline_link_hover_effect\" data-id=\"7a3b97a\" data-element_type=\"widget\" data-e-type=\"widget\" data-settings=\"{&quot;_animation_mobile&quot;:&quot;fadeInUp&quot;}\" data-widget_type=\"ucaddon_underline_link_hover_effect.default\">\n\t\t\t\t<div class=\"elementor-widget-container\">\n\t\t\t\t\t\n<!-- start Underline Link Hover Effect -->\n\t\t<link id='font-awesome-css' href='https:\/\/www.renovatieneodak.nl\/wp-content\/plugins\/unlimited-elements-for-elementor-premium\/assets_libraries\/font-awesome6\/fontawesome-all.min.css' type='text\/css' rel='stylesheet' >\n\t\t<link id='font-awesome-4-shim-css' href='https:\/\/www.renovatieneodak.nl\/wp-content\/plugins\/unlimited-elements-for-elementor-premium\/assets_libraries\/font-awesome6\/fontawesome-v4-shims.min.css' type='text\/css' rel='stylesheet' >\n\n<style>\/* widget: Underline Link Hover Effect *\/\n\n#uc_underline_link_hover_effect_elementor_7a3b97a{\n  display:flex;\n} \n\n#uc_underline_link_hover_effect_elementor_7a3b97a a.ue-link{\n  display:flex;\n  position:relative;\n  align-items:center;\n  justify-content:center;\n  text-decoration:none;\n}\n\n#uc_underline_link_hover_effect_elementor_7a3b97a a.ue-link:after{\n  content: \"\";\n    width:100%;\n    position:absolute;\n  bottom:0px;\n    left:0px;\n    display: block;\n  transition:1s;\n}\n\n#uc_underline_link_hover_effect_elementor_7a3b97a a:hover:after{\n    width:0%;\n  }\n\n#uc_underline_link_hover_effect_elementor_7a3b97a .ue-link-hover-effect-spacing{\n  transition:1s;\n}\n\n#uc_underline_link_hover_effect_elementor_7a3b97a .ue-link-hover-effect-text{\n  padding:10px 0px;\n}\n\n#uc_underline_link_hover_effect_elementor_7a3b97a .ue-link-hover-effect-icon{\n  line-height:1em;\n  transition:1s;\n}\n\n#uc_underline_link_hover_effect_elementor_7a3b97a .ue-link-hover-effect-icon svg{\n  height:1em;\n  width:1em;\n}\n\n<\/style>\n\n<div id=\"uc_underline_link_hover_effect_elementor_7a3b97a\" class=\"ue-link-wrap\">\n  <a class=\"ue-link\" href=\"https:\/\/www.renovatieneodak.nl\/pl\/offerte\/\" >\n    <div class=\"ue-link-hover-effect-text\">POPRO\u015a O OFERT\u0118<\/div>\n    <div class=\"ue-link-hover-effect-spacing\"><\/div>\n    <div class=\"ue-link-hover-effect-icon\"><svg xmlns=\"http:\/\/www.w3.org\/2000\/svg\" id=\"Layer_1\" viewbox=\"0 0 56.33 54.22\"><path d=\"M48.04,54.22H3.09v-4.81c14.96.05,29.91.1,44.87.15C31.97,34.08,15.99,18.61,0,3.14,1.19,2.09,2.37,1.05,3.56,0c15.98,15.46,31.95,30.91,47.93,46.37-.15-14.67-.3-29.34-.45-44.01h5.29v51.86h-8.29Z\"><\/path><\/svg><\/div>\n  <\/a>\n<\/div>\n<!-- end Underline Link Hover Effect -->\t\t\t\t<\/div>\n\t\t\t\t<\/div>\n\t\t\t\t<\/div>\n\t\t<div class=\"elementor-element elementor-element-3fe1f36 e-con-full e-flex e-con e-child\" data-id=\"3fe1f36\" data-element_type=\"container\" data-e-type=\"container\">\n\t\t\t\t<div class=\"elementor-element elementor-element-7fef5a7 elementor-widget elementor-widget-image\" data-id=\"7fef5a7\" data-element_type=\"widget\" data-e-type=\"widget\" data-settings=\"{&quot;_animation_mobile&quot;:&quot;fadeInUp&quot;}\" data-widget_type=\"image.default\">\n\t\t\t\t<div class=\"elementor-widget-container\">\n\t\t\t\t\t\t\t\t\t\t\t\t\t\t\t<img fetchpriority=\"high\" decoding=\"async\" width=\"800\" height=\"581\" src=\"https:\/\/www.renovatieneodak.nl\/wp-content\/uploads\/2025\/08\/IMG_7870-e1754998732771-1024x744.jpg\" class=\"attachment-large size-large wp-image-2122\" alt=\"\" srcset=\"https:\/\/www.renovatieneodak.nl\/wp-content\/uploads\/2025\/08\/IMG_7870-e1754998732771-1024x744.jpg 1024w, https:\/\/www.renovatieneodak.nl\/wp-content\/uploads\/2025\/08\/IMG_7870-e1754998732771-300x218.jpg 300w, https:\/\/www.renovatieneodak.nl\/wp-content\/uploads\/2025\/08\/IMG_7870-e1754998732771-768x558.jpg 768w, https:\/\/www.renovatieneodak.nl\/wp-content\/uploads\/2025\/08\/IMG_7870-e1754998732771-1536x1116.jpg 1536w, https:\/\/www.renovatieneodak.nl\/wp-content\/uploads\/2025\/08\/IMG_7870-e1754998732771.jpg 1623w\" sizes=\"(max-width: 800px) 100vw, 800px\" \/>\t\t\t\t\t\t\t\t\t\t\t\t\t\t\t<\/div>\n\t\t\t\t<\/div>\n\t\t\t\t<\/div>\n\t\t\t\t<\/div>\n\t\t\t\t\t<\/div>\n\t\t\t\t<\/div>\n\t\t<div class=\"elementor-element elementor-element-d9b0aa0 e-flex e-con-boxed elementor-invisible e-con e-parent\" data-id=\"d9b0aa0\" data-element_type=\"container\" data-e-type=\"container\" data-settings=\"{&quot;background_background&quot;:&quot;classic&quot;,&quot;animation&quot;:&quot;fadeInUp&quot;}\">\n\t\t\t\t\t<div class=\"e-con-inner\">\n\t\t<div class=\"elementor-element elementor-element-bbc3c33 e-con-full e-flex e-con e-child\" data-id=\"bbc3c33\" data-element_type=\"container\" data-e-type=\"container\">\n\t\t<div class=\"elementor-element elementor-element-53954a6 e-con-full e-flex e-con e-child\" data-id=\"53954a6\" data-element_type=\"container\" data-e-type=\"container\">\n\t\t\t\t<div class=\"elementor-element elementor-element-5f455d6 elementor-widget elementor-widget-heading\" data-id=\"5f455d6\" data-element_type=\"widget\" data-e-type=\"widget\" data-settings=\"{&quot;_animation_mobile&quot;:&quot;fadeInUp&quot;}\" data-widget_type=\"heading.default\">\n\t\t\t\t<div class=\"elementor-widget-container\">\n\t\t\t\t\t<h2 class=\"elementor-heading-title elementor-size-default\">Ekspertyza<\/h2>\t\t\t\t<\/div>\n\t\t\t\t<\/div>\n\t\t\t\t<div class=\"elementor-element elementor-element-06c7541 elementor-widget elementor-widget-heading\" data-id=\"06c7541\" data-element_type=\"widget\" data-e-type=\"widget\" data-settings=\"{&quot;_animation_mobile&quot;:&quot;fadeInUp&quot;}\" data-widget_type=\"heading.default\">\n\t\t\t\t<div class=\"elementor-widget-container\">\n\t\t\t\t\t<h2 class=\"elementor-heading-title elementor-size-default\">Nasze us\u0142ugi w praktyce<\/h2>\t\t\t\t<\/div>\n\t\t\t\t<\/div>\n\t\t\t\t<\/div>\n\t\t\t\t<\/div>\n\t\t<div class=\"elementor-element elementor-element-706e59c e-con-full e-flex e-con e-child\" data-id=\"706e59c\" data-element_type=\"container\" data-e-type=\"container\">\n\t\t<div class=\"elementor-element elementor-element-afc80f4 e-grid e-con-full e-con e-child\" data-id=\"afc80f4\" data-element_type=\"container\" data-e-type=\"container\">\n\t\t\t\t<div class=\"elementor-element elementor-element-c252c32 elementor-widget elementor-widget-text-editor\" data-id=\"c252c32\" data-element_type=\"widget\" data-e-type=\"widget\" data-settings=\"{&quot;_animation_mobile&quot;:&quot;fadeInUp&quot;}\" data-widget_type=\"text-editor.default\">\n\t\t\t\t<div class=\"elementor-widget-container\">\n\t\t\t\t\t\t\t\t\t<p>Masz przeciek dachu? Nasi specjali\u015bci fachowo zlokalizuj\u0105 problem i szybko oraz skutecznie usun\u0105 nieszczelno\u015bci, aby zminimalizowa\u0107 dalsze szkody i koszty.<\/p>\t\t\t\t\t\t\t\t<\/div>\n\t\t\t\t<\/div>\n\t\t\t\t<div class=\"elementor-element elementor-element-e780814 elementor-widget elementor-widget-text-editor\" data-id=\"e780814\" data-element_type=\"widget\" data-e-type=\"widget\" data-settings=\"{&quot;_animation_mobile&quot;:&quot;fadeInUp&quot;}\" data-widget_type=\"text-editor.default\">\n\t\t\t\t<div class=\"elementor-widget-container\">\n\t\t\t\t\t\t\t\t\t<p>Dzi\u0119ki regularnym inspekcjom, czyszczeniu i konserwacji zapobiegamy przekszta\u0142caniu si\u0119 drobnych problem\u00f3w w du\u017ce koszty. W ten spos\u00f3b Tw\u00f3j dach pozostaje w doskona\u0142ej kondycji, a warunki gwarancji s\u0105 zachowane.<\/p>\t\t\t\t\t\t\t\t<\/div>\n\t\t\t\t<\/div>\n\t\t\t\t<div class=\"elementor-element elementor-element-7d674bf elementor-widget elementor-widget-text-editor\" data-id=\"7d674bf\" data-element_type=\"widget\" data-e-type=\"widget\" data-settings=\"{&quot;_animation_mobile&quot;:&quot;fadeInUp&quot;}\" data-widget_type=\"text-editor.default\">\n\t\t\t\t<div class=\"elementor-widget-container\">\n\t\t\t\t\t\t\t\t\t<p>Naast inspectie en onderhoud verzorgen wij ook de installatie en periodieke keuring van valbeveiliging en persoonlijke beschermingsmiddelen (PBM\u2019s) volgens de geldende normen.<\/p>\t\t\t\t\t\t\t\t<\/div>\n\t\t\t\t<\/div>\n\t\t\t\t<\/div>\n\t\t\t\t<\/div>\n\t\t<div class=\"elementor-element elementor-element-52b63b7 e-con-full e-flex e-con e-child\" data-id=\"52b63b7\" data-element_type=\"container\" data-e-type=\"container\">\n\t\t<div class=\"elementor-element elementor-element-17a7fe0 e-con-full e-flex e-con e-child\" data-id=\"17a7fe0\" data-element_type=\"container\" data-e-type=\"container\">\n\t\t\t\t<div class=\"elementor-element elementor-element-aa98ab9 elementor-widget elementor-widget-ucaddon_underline_link_hover_effect\" data-id=\"aa98ab9\" data-element_type=\"widget\" data-e-type=\"widget\" data-settings=\"{&quot;_animation_mobile&quot;:&quot;fadeInUp&quot;}\" data-widget_type=\"ucaddon_underline_link_hover_effect.default\">\n\t\t\t\t<div class=\"elementor-widget-container\">\n\t\t\t\t\t\n<!-- start Underline Link Hover Effect -->\n\n<style>\/* widget: Underline Link Hover Effect *\/\n\n#uc_underline_link_hover_effect_elementor_aa98ab9{\n  display:flex;\n} \n\n#uc_underline_link_hover_effect_elementor_aa98ab9 a.ue-link{\n  display:flex;\n  position:relative;\n  align-items:center;\n  justify-content:center;\n  text-decoration:none;\n}\n\n#uc_underline_link_hover_effect_elementor_aa98ab9 a.ue-link:after{\n  content: \"\";\n    width:100%;\n    position:absolute;\n  bottom:0px;\n    left:0px;\n    display: block;\n  transition:1s;\n}\n\n#uc_underline_link_hover_effect_elementor_aa98ab9 a:hover:after{\n    width:0%;\n  }\n\n#uc_underline_link_hover_effect_elementor_aa98ab9 .ue-link-hover-effect-spacing{\n  transition:1s;\n}\n\n#uc_underline_link_hover_effect_elementor_aa98ab9 .ue-link-hover-effect-text{\n  padding:10px 0px;\n}\n\n#uc_underline_link_hover_effect_elementor_aa98ab9 .ue-link-hover-effect-icon{\n  line-height:1em;\n  transition:1s;\n}\n\n#uc_underline_link_hover_effect_elementor_aa98ab9 .ue-link-hover-effect-icon svg{\n  height:1em;\n  width:1em;\n}\n\n<\/style>\n\n<div id=\"uc_underline_link_hover_effect_elementor_aa98ab9\" class=\"ue-link-wrap\">\n  <a class=\"ue-link\" href=\"https:\/\/www.renovatieneodak.nl\/pl\/contact\/\" >\n    <div class=\"ue-link-hover-effect-text\">SKONTAKTUJ SI\u0118<\/div>\n    <div class=\"ue-link-hover-effect-spacing\"><\/div>\n    <div class=\"ue-link-hover-effect-icon\"><svg xmlns=\"http:\/\/www.w3.org\/2000\/svg\" id=\"Layer_1\" viewbox=\"0 0 56.33 54.22\"><defs><style>      .cls-1 {        fill: #fff;      }    <\/style><\/defs><path class=\"cls-1\" d=\"M48.04,54.22H3.09v-4.81c14.96.05,29.91.1,44.87.15C31.97,34.08,15.99,18.61,0,3.14,1.19,2.09,2.37,1.05,3.56,0c15.98,15.46,31.95,30.91,47.93,46.37-.15-14.67-.3-29.34-.45-44.01h5.29v51.86h-8.29Z\"><\/path><\/svg><\/div>\n  <\/a>\n<\/div>\n<!-- end Underline Link Hover Effect -->\t\t\t\t<\/div>\n\t\t\t\t<\/div>\n\t\t\t\t<\/div>\n\t\t\t\t<\/div>\n\t\t\t\t\t<\/div>\n\t\t\t\t<\/div>\n\t\t<div class=\"elementor-element elementor-element-826d83b e-flex e-con-boxed elementor-invisible e-con e-parent\" data-id=\"826d83b\" data-element_type=\"container\" data-e-type=\"container\" data-settings=\"{&quot;animation&quot;:&quot;fadeInUp&quot;,&quot;animation_mobile&quot;:&quot;fadeInUp&quot;}\">\n\t\t\t\t\t<div class=\"e-con-inner\">\n\t\t<div class=\"elementor-element elementor-element-c570f6b e-con-full e-flex e-con e-child\" data-id=\"c570f6b\" data-element_type=\"container\" data-e-type=\"container\">\n\t\t<div class=\"elementor-element elementor-element-bf4263f e-con-full e-flex e-con e-child\" data-id=\"bf4263f\" data-element_type=\"container\" data-e-type=\"container\">\n\t\t\t\t<div class=\"elementor-element elementor-element-df1f054 elementor-widget elementor-widget-image\" data-id=\"df1f054\" data-element_type=\"widget\" data-e-type=\"widget\" data-settings=\"{&quot;_animation_mobile&quot;:&quot;fadeInUp&quot;}\" data-widget_type=\"image.default\">\n\t\t\t\t<div class=\"elementor-widget-container\">\n\t\t\t\t\t\t\t\t\t\t\t\t\t\t\t<img decoding=\"async\" width=\"800\" height=\"599\" data-src=\"https:\/\/www.renovatieneodak.nl\/wp-content\/uploads\/2025\/08\/dji_fly_20241017_160038_382_1729174442000_photo-1024x767.jpg\" class=\"attachment-large size-large wp-image-2481 lazyload\" alt=\"\" data-srcset=\"https:\/\/www.renovatieneodak.nl\/wp-content\/uploads\/2025\/08\/dji_fly_20241017_160038_382_1729174442000_photo-1024x767.jpg 1024w, https:\/\/www.renovatieneodak.nl\/wp-content\/uploads\/2025\/08\/dji_fly_20241017_160038_382_1729174442000_photo-300x225.jpg 300w, https:\/\/www.renovatieneodak.nl\/wp-content\/uploads\/2025\/08\/dji_fly_20241017_160038_382_1729174442000_photo-768x575.jpg 768w, https:\/\/www.renovatieneodak.nl\/wp-content\/uploads\/2025\/08\/dji_fly_20241017_160038_382_1729174442000_photo-1536x1151.jpg 1536w, https:\/\/www.renovatieneodak.nl\/wp-content\/uploads\/2025\/08\/dji_fly_20241017_160038_382_1729174442000_photo-2048x1534.jpg 2048w\" data-sizes=\"(max-width: 800px) 100vw, 800px\" src=\"data:image\/svg+xml;base64,PHN2ZyB3aWR0aD0iMSIgaGVpZ2h0PSIxIiB4bWxucz0iaHR0cDovL3d3dy53My5vcmcvMjAwMC9zdmciPjwvc3ZnPg==\" style=\"--smush-placeholder-width: 800px; --smush-placeholder-aspect-ratio: 800\/599;\" \/>\t\t\t\t\t\t\t\t\t\t\t\t\t\t\t<\/div>\n\t\t\t\t<\/div>\n\t\t\t\t<\/div>\n\t\t<div class=\"elementor-element elementor-element-2b7ac69 e-con-full e-flex e-con e-child\" data-id=\"2b7ac69\" data-element_type=\"container\" data-e-type=\"container\">\n\t\t\t\t<div class=\"elementor-element elementor-element-6b47a53 elementor-widget elementor-widget-heading\" data-id=\"6b47a53\" data-element_type=\"widget\" data-e-type=\"widget\" data-settings=\"{&quot;_animation_mobile&quot;:&quot;fadeInUp&quot;}\" data-widget_type=\"heading.default\">\n\t\t\t\t<div class=\"elementor-widget-container\">\n\t\t\t\t\t<h2 class=\"elementor-heading-title elementor-size-default\">Podej\u015bcie<\/h2>\t\t\t\t<\/div>\n\t\t\t\t<\/div>\n\t\t\t\t<div class=\"elementor-element elementor-element-3d4a10f elementor-widget elementor-widget-heading\" data-id=\"3d4a10f\" data-element_type=\"widget\" data-e-type=\"widget\" data-settings=\"{&quot;_animation_mobile&quot;:&quot;fadeInUp&quot;}\" data-widget_type=\"heading.default\">\n\t\t\t\t<div class=\"elementor-widget-container\">\n\t\t\t\t\t<h2 class=\"elementor-heading-title elementor-size-default\">Jak dzia\u0142amy<\/h2>\t\t\t\t<\/div>\n\t\t\t\t<\/div>\n\t\t\t\t<div class=\"elementor-element elementor-element-5fb4a01 elementor-widget elementor-widget-text-editor\" data-id=\"5fb4a01\" data-element_type=\"widget\" data-e-type=\"widget\" data-settings=\"{&quot;_animation_mobile&quot;:&quot;fadeInUp&quot;}\" data-widget_type=\"text-editor.default\">\n\t\t\t\t<div class=\"elementor-widget-container\">\n\t\t\t\t\t\t\t\t\t<ol><li data-start=\"1301\" data-end=\"1523\"><p data-start=\"1304\" data-end=\"1523\"><strong data-start=\"1304\" data-end=\"1336\">Bezpo\u015bredni kontakt w przypadku zg\u0142osze\u0144<\/strong><br data-start=\"1336\" data-end=\"1339\" \/>Gdy tylko si\u0119 z nami skontaktujesz, rozpoczynamy staranny proces: dokonujemy analizy sytuacji, planujemy szybk\u0105 inspekcj\u0119 i w ci\u0105gu 24 godzin przedstawiamy propozycj\u0119 rozwi\u0105zania.<\/p><\/li><li data-start=\"1525\" data-end=\"1723\"><p data-start=\"1528\" data-end=\"1723\"><strong data-start=\"1528\" data-end=\"1564\">Zastosowanie innowacyjnych metod<\/strong><br data-start=\"1564\" data-end=\"1567\" \/>Korzystamy z zaawansowanych technik, takich jak elektrooporowa detekcja wyciek\u00f3w i maszyny dymne, aby precyzyjnie i efektywnie wykrywa\u0107 nieszczelno\u015bci.<\/p><\/li><li data-start=\"1725\" data-end=\"1961\"><p data-start=\"1728\" data-end=\"1961\"><strong data-start=\"1728\" data-end=\"1763\">Jasna komunikacja i planowanie<\/strong><br data-start=\"1763\" data-end=\"1766\" \/>Nasi monterzy jasno informuj\u0105 Ci\u0119 o pracach, harmonogramie i ewentualnych dzia\u0142aniach nast\u0119pczych. Podczas realizacji dbamy o przejrzyst\u0105 koordynacj\u0119, aby\u015b dok\u0142adnie wiedzia\u0142, czego mo\u017cesz si\u0119 spodziewa\u0107.<\/p><\/li><\/ol>\t\t\t\t\t\t\t\t<\/div>\n\t\t\t\t<\/div>\n\t\t\t\t<div class=\"elementor-element elementor-element-411f184 elementor-widget elementor-widget-ucaddon_underline_link_hover_effect\" data-id=\"411f184\" data-element_type=\"widget\" data-e-type=\"widget\" data-settings=\"{&quot;_animation_mobile&quot;:&quot;fadeInUp&quot;}\" data-widget_type=\"ucaddon_underline_link_hover_effect.default\">\n\t\t\t\t<div class=\"elementor-widget-container\">\n\t\t\t\t\t\n<!-- start Underline Link Hover Effect -->\n\n<style>\/* widget: Underline Link Hover Effect *\/\n\n#uc_underline_link_hover_effect_elementor_411f184{\n  display:flex;\n} \n\n#uc_underline_link_hover_effect_elementor_411f184 a.ue-link{\n  display:flex;\n  position:relative;\n  align-items:center;\n  justify-content:center;\n  text-decoration:none;\n}\n\n#uc_underline_link_hover_effect_elementor_411f184 a.ue-link:after{\n  content: \"\";\n    width:100%;\n    position:absolute;\n  bottom:0px;\n    left:0px;\n    display: block;\n  transition:1s;\n}\n\n#uc_underline_link_hover_effect_elementor_411f184 a:hover:after{\n    width:0%;\n  }\n\n#uc_underline_link_hover_effect_elementor_411f184 .ue-link-hover-effect-spacing{\n  transition:1s;\n}\n\n#uc_underline_link_hover_effect_elementor_411f184 .ue-link-hover-effect-text{\n  padding:10px 0px;\n}\n\n#uc_underline_link_hover_effect_elementor_411f184 .ue-link-hover-effect-icon{\n  line-height:1em;\n  transition:1s;\n}\n\n#uc_underline_link_hover_effect_elementor_411f184 .ue-link-hover-effect-icon svg{\n  height:1em;\n  width:1em;\n}\n\n<\/style>\n\n<div id=\"uc_underline_link_hover_effect_elementor_411f184\" class=\"ue-link-wrap\">\n  <a class=\"ue-link\" href=\"https:\/\/www.renovatieneodak.nl\/pl\/contact\/\" >\n    <div class=\"ue-link-hover-effect-text\">SKONTAKTUJ SI\u0118<\/div>\n    <div class=\"ue-link-hover-effect-spacing\"><\/div>\n    <div class=\"ue-link-hover-effect-icon\"><svg xmlns=\"http:\/\/www.w3.org\/2000\/svg\" id=\"Layer_1\" viewbox=\"0 0 56.33 54.22\"><path d=\"M48.04,54.22H3.09v-4.81c14.96.05,29.91.1,44.87.15C31.97,34.08,15.99,18.61,0,3.14,1.19,2.09,2.37,1.05,3.56,0c15.98,15.46,31.95,30.91,47.93,46.37-.15-14.67-.3-29.34-.45-44.01h5.29v51.86h-8.29Z\"><\/path><\/svg><\/div>\n  <\/a>\n<\/div>\n<!-- end Underline Link Hover Effect -->\t\t\t\t<\/div>\n\t\t\t\t<\/div>\n\t\t\t\t<\/div>\n\t\t\t\t<\/div>\n\t\t\t\t\t<\/div>\n\t\t\t\t<\/div>\n\t\t<div class=\"elementor-element elementor-element-cc95be8 e-flex e-con-boxed elementor-invisible e-con e-parent\" data-id=\"cc95be8\" data-element_type=\"container\" data-e-type=\"container\" data-settings=\"{&quot;background_background&quot;:&quot;classic&quot;,&quot;animation&quot;:&quot;fadeInUp&quot;,&quot;animation_mobile&quot;:&quot;fadeInUp&quot;}\">\n\t\t\t\t\t<div class=\"e-con-inner\">\n\t\t<div class=\"elementor-element elementor-element-501cd03 e-con-full e-flex e-con e-child\" data-id=\"501cd03\" data-element_type=\"container\" data-e-type=\"container\">\n\t\t\t\t<div class=\"elementor-element elementor-element-cde664a elementor-widget elementor-widget-heading\" data-id=\"cde664a\" data-element_type=\"widget\" data-e-type=\"widget\" data-widget_type=\"heading.default\">\n\t\t\t\t<div class=\"elementor-widget-container\">\n\t\t\t\t\t<h2 class=\"elementor-heading-title elementor-size-default\">\nPopro\u015b o ofert\u0119<\/h2>\t\t\t\t<\/div>\n\t\t\t\t<\/div>\n\t\t\t\t<div class=\"elementor-element elementor-element-2447817 elementor-icon-list--layout-inline elementor-align-center elementor-list-item-link-full_width elementor-widget elementor-widget-icon-list\" data-id=\"2447817\" data-element_type=\"widget\" data-e-type=\"widget\" data-widget_type=\"icon-list.default\">\n\t\t\t\t<div class=\"elementor-widget-container\">\n\t\t\t\t\t\t\t<ul class=\"elementor-icon-list-items elementor-inline-items\">\n\t\t\t\t\t\t\t<li class=\"elementor-icon-list-item elementor-inline-item\">\n\t\t\t\t\t\t\t\t\t\t\t<a href=\"mailto:info@neodak.nl\">\n\n\t\t\t\t\t\t\t\t\t\t\t<span class=\"elementor-icon-list-text\">info@neodak.nl<\/span>\n\t\t\t\t\t\t\t\t\t\t\t<\/a>\n\t\t\t\t\t\t\t\t\t<\/li>\n\t\t\t\t\t\t<\/ul>\n\t\t\t\t\t\t<\/div>\n\t\t\t\t<\/div>\n\t\t\t\t<div class=\"elementor-element elementor-element-c1bd1c5 elementor-align-center elementor-widget elementor-widget-button\" data-id=\"c1bd1c5\" data-element_type=\"widget\" data-e-type=\"widget\" data-widget_type=\"button.default\">\n\t\t\t\t<div class=\"elementor-widget-container\">\n\t\t\t\t\t\t\t\t\t<div class=\"elementor-button-wrapper\">\n\t\t\t\t\t<a class=\"elementor-button elementor-button-link elementor-size-sm\" href=\"https:\/\/www.renovatieneodak.nl\/pl\/offerte\/\">\n\t\t\t\t\t\t<span class=\"elementor-button-content-wrapper\">\n\t\t\t\t\t\t\t\t\t<span class=\"elementor-button-text\">Popro\u015b o ofert\u0119<\/span>\n\t\t\t\t\t<\/span>\n\t\t\t\t\t<\/a>\n\t\t\t\t<\/div>\n\t\t\t\t\t\t\t\t<\/div>\n\t\t\t\t<\/div>\n\t\t\t\t<\/div>\n\t\t\t\t\t<\/div>\n\t\t\t\t<\/div>\n\t\t\t\t<\/div>","protected":false},"excerpt":{"rendered":"<p>Service &amp; Onderhoud NEODAK B.V. Service &amp; Onderhoud Bij Neodak B.V. staan we klaar om service te verlenen en onderhoud uit te voeren aan platte daken van elk type en afmeting. Onze ervaren monteurs beschikken over de kennis en tools voor elk materiaal \u2013 van bitumen en kunststof tot groendaken, dakisolatie en dakveiligheid. VRAAG OFFERTE [&hellip;]<\/p>\n","protected":false},"author":1,"featured_media":0,"parent":0,"menu_order":0,"comment_status":"closed","ping_status":"closed","template":"","meta":{"footnotes":""},"class_list":["post-589","page","type-page","status-publish","hentry"],"_links":{"self":[{"href":"https:\/\/www.renovatieneodak.nl\/pl\/wp-json\/wp\/v2\/pages\/589","targetHints":{"allow":["GET"]}}],"collection":[{"href":"https:\/\/www.renovatieneodak.nl\/pl\/wp-json\/wp\/v2\/pages"}],"about":[{"href":"https:\/\/www.renovatieneodak.nl\/pl\/wp-json\/wp\/v2\/types\/page"}],"author":[{"embeddable":true,"href":"https:\/\/www.renovatieneodak.nl\/pl\/wp-json\/wp\/v2\/users\/1"}],"replies":[{"embeddable":true,"href":"https:\/\/www.renovatieneodak.nl\/pl\/wp-json\/wp\/v2\/comments?post=589"}],"version-history":[{"count":115,"href":"https:\/\/www.renovatieneodak.nl\/pl\/wp-json\/wp\/v2\/pages\/589\/revisions"}],"predecessor-version":[{"id":2487,"href":"https:\/\/www.renovatieneodak.nl\/pl\/wp-json\/wp\/v2\/pages\/589\/revisions\/2487"}],"wp:attachment":[{"href":"https:\/\/www.renovatieneodak.nl\/pl\/wp-json\/wp\/v2\/media?parent=589"}],"curies":[{"name":"wp","href":"https:\/\/api.w.org\/{rel}","templated":true}]}}