{"id":591,"date":"2025-06-20T14:27:51","date_gmt":"2025-06-20T14:27:51","guid":{"rendered":"https:\/\/www.renovatieneodak.nl\/?page_id=591"},"modified":"2025-08-12T11:45:02","modified_gmt":"2025-08-12T11:45:02","slug":"renovatie","status":"publish","type":"page","link":"https:\/\/www.renovatieneodak.nl\/pl\/renovatie\/","title":{"rendered":"Renowacja"},"content":{"rendered":"<div data-elementor-type=\"wp-page\" data-elementor-id=\"591\" class=\"elementor elementor-591\" data-elementor-post-type=\"page\">\n\t\t\t\t<div class=\"elementor-element elementor-element-fff491c e-flex e-con-boxed e-con e-parent\" data-id=\"fff491c\" data-element_type=\"container\" data-e-type=\"container\" data-settings=\"{&quot;background_background&quot;:&quot;classic&quot;,&quot;animation_mobile&quot;:&quot;fadeIn&quot;}\">\n\t\t\t\t\t<div class=\"e-con-inner\">\n\t\t<div class=\"elementor-element elementor-element-c48923d e-con-full e-flex e-con e-child\" data-id=\"c48923d\" data-element_type=\"container\" data-e-type=\"container\">\n\t\t<div class=\"elementor-element elementor-element-7e613a8 e-con-full e-flex e-con e-child\" data-id=\"7e613a8\" data-element_type=\"container\" data-e-type=\"container\">\n\t\t\t\t<div class=\"elementor-element elementor-element-daf77cc elementor-widget elementor-widget-heading\" data-id=\"daf77cc\" data-element_type=\"widget\" data-e-type=\"widget\" data-widget_type=\"heading.default\">\n\t\t\t\t<div class=\"elementor-widget-container\">\n\t\t\t\t\t<h2 class=\"elementor-heading-title elementor-size-default\">Renowacja<\/h2>\t\t\t\t<\/div>\n\t\t\t\t<\/div>\n\t\t\t\t<\/div>\n\t\t\t\t<\/div>\n\t\t\t\t\t<\/div>\n\t\t\t\t<\/div>\n\t\t<div class=\"elementor-element elementor-element-2d5ca27 e-flex e-con-boxed elementor-invisible e-con e-parent\" data-id=\"2d5ca27\" data-element_type=\"container\" data-e-type=\"container\" data-settings=\"{&quot;animation&quot;:&quot;fadeInUp&quot;}\">\n\t\t\t\t\t<div class=\"e-con-inner\">\n\t\t<div class=\"elementor-element elementor-element-08771f2 e-con-full e-flex e-con e-child\" data-id=\"08771f2\" data-element_type=\"container\" data-e-type=\"container\">\n\t\t<div class=\"elementor-element elementor-element-0fa2005 e-con-full e-flex e-con e-child\" data-id=\"0fa2005\" data-element_type=\"container\" data-e-type=\"container\">\n\t\t\t\t<div class=\"elementor-element elementor-element-e1e84bc elementor-widget elementor-widget-heading\" data-id=\"e1e84bc\" data-element_type=\"widget\" data-e-type=\"widget\" data-settings=\"{&quot;_animation_mobile&quot;:&quot;fadeInUp&quot;}\" data-widget_type=\"heading.default\">\n\t\t\t\t<div class=\"elementor-widget-container\">\n\t\t\t\t\t<h2 class=\"elementor-heading-title elementor-size-default\">NEODAK B.V.<\/h2>\t\t\t\t<\/div>\n\t\t\t\t<\/div>\n\t\t\t\t<div class=\"elementor-element elementor-element-f5c3ec3 elementor-widget elementor-widget-heading\" data-id=\"f5c3ec3\" data-element_type=\"widget\" data-e-type=\"widget\" data-settings=\"{&quot;_animation_mobile&quot;:&quot;fadeInUp&quot;}\" data-widget_type=\"heading.default\">\n\t\t\t\t<div class=\"elementor-widget-container\">\n\t\t\t\t\t<h2 class=\"elementor-heading-title elementor-size-default\">Renowacja<\/h2>\t\t\t\t<\/div>\n\t\t\t\t<\/div>\n\t\t\t\t<div class=\"elementor-element elementor-element-b112a34 elementor-widget elementor-widget-text-editor\" data-id=\"b112a34\" data-element_type=\"widget\" data-e-type=\"widget\" data-settings=\"{&quot;_animation_mobile&quot;:&quot;fadeInUp&quot;}\" data-widget_type=\"text-editor.default\">\n\t\t\t\t<div class=\"elementor-widget-container\">\n\t\t\t\t\t\t\t\t\t<p data-start=\"192\" data-end=\"259\">Unikaj niespodzianek dzi\u0119ki terminowym inspekcjom i fachowym naprawom.<\/p><p data-start=\"261\" data-end=\"507\">Mimo trwa\u0142o\u015bci nowoczesnych pokry\u0107 dachowych, z czasem mo\u017ce by\u0107 konieczne wykonanie naprawy dachu. Aby zapobiec wi\u0119kszym uszkodzeniom lub konieczno\u015bci ca\u0142kowitej renowacji, warto regularnie poddawa\u0107 dach inspekcji.<\/p><p data-start=\"509\" data-end=\"801\">W Neo Dak B.V. z przyjemno\u015bci\u0105 ocenimy stan Twojego pokrycia dachowego. Na podstawie naszych ustale\u0144 przygotujemy niezobowi\u0105zuj\u0105c\u0105 ofert\u0119. Po Twojej akceptacji i wsp\u00f3lnych ustaleniach starannie zaplanujemy prace, aby m\u00f3c rozpocz\u0105\u0107 projekt renowacyjny w pe\u0142ni przygotowani.<\/p><p data-start=\"803\" data-end=\"1032\">Zastanawiasz si\u0119 nad stanem swojego dachu lub nadszed\u0142 czas na jego odnowienie?<br data-start=\"875\" data-end=\"878\" \/>Skontaktuj si\u0119 z nami przez <strong data-start=\"913\" data-end=\"956\"><a class=\"cursor-pointer\" rel=\"noopener\" data-start=\"915\" data-end=\"954\">info@neodak.nl<\/a><\/strong> \u2013 ch\u0119tnie doradzimy i zapewnimy Ci uczciw\u0105 oraz fachow\u0105 porad\u0119.<\/p>\t\t\t\t\t\t\t\t<\/div>\n\t\t\t\t<\/div>\n\t\t\t\t<div class=\"elementor-element elementor-element-cb9f291 elementor-widget elementor-widget-ucaddon_underline_link_hover_effect\" data-id=\"cb9f291\" data-element_type=\"widget\" data-e-type=\"widget\" data-settings=\"{&quot;_animation_mobile&quot;:&quot;fadeInUp&quot;}\" data-widget_type=\"ucaddon_underline_link_hover_effect.default\">\n\t\t\t\t<div class=\"elementor-widget-container\">\n\t\t\t\t\t\n<!-- start Underline Link Hover Effect -->\n\t\t<link id='font-awesome-css' href='https:\/\/www.renovatieneodak.nl\/wp-content\/plugins\/unlimited-elements-for-elementor-premium\/assets_libraries\/font-awesome6\/fontawesome-all.min.css' type='text\/css' rel='stylesheet' >\n\t\t<link id='font-awesome-4-shim-css' href='https:\/\/www.renovatieneodak.nl\/wp-content\/plugins\/unlimited-elements-for-elementor-premium\/assets_libraries\/font-awesome6\/fontawesome-v4-shims.min.css' type='text\/css' rel='stylesheet' >\n\n<style>\/* widget: Underline Link Hover Effect *\/\n\n#uc_underline_link_hover_effect_elementor_cb9f291{\n  display:flex;\n} \n\n#uc_underline_link_hover_effect_elementor_cb9f291 a.ue-link{\n  display:flex;\n  position:relative;\n  align-items:center;\n  justify-content:center;\n  text-decoration:none;\n}\n\n#uc_underline_link_hover_effect_elementor_cb9f291 a.ue-link:after{\n  content: \"\";\n    width:100%;\n    position:absolute;\n  bottom:0px;\n    left:0px;\n    display: block;\n  transition:1s;\n}\n\n#uc_underline_link_hover_effect_elementor_cb9f291 a:hover:after{\n    width:0%;\n  }\n\n#uc_underline_link_hover_effect_elementor_cb9f291 .ue-link-hover-effect-spacing{\n  transition:1s;\n}\n\n#uc_underline_link_hover_effect_elementor_cb9f291 .ue-link-hover-effect-text{\n  padding:10px 0px;\n}\n\n#uc_underline_link_hover_effect_elementor_cb9f291 .ue-link-hover-effect-icon{\n  line-height:1em;\n  transition:1s;\n}\n\n#uc_underline_link_hover_effect_elementor_cb9f291 .ue-link-hover-effect-icon svg{\n  height:1em;\n  width:1em;\n}\n\n<\/style>\n\n<div id=\"uc_underline_link_hover_effect_elementor_cb9f291\" class=\"ue-link-wrap\">\n  <a class=\"ue-link\" href=\"https:\/\/www.renovatieneodak.nl\/pl\/offerte\/\" >\n    <div class=\"ue-link-hover-effect-text\">POPRO\u015a O OFERT\u0118<\/div>\n    <div class=\"ue-link-hover-effect-spacing\"><\/div>\n    <div class=\"ue-link-hover-effect-icon\"><svg xmlns=\"http:\/\/www.w3.org\/2000\/svg\" id=\"Layer_1\" viewbox=\"0 0 56.33 54.22\"><path d=\"M48.04,54.22H3.09v-4.81c14.96.05,29.91.1,44.87.15C31.97,34.08,15.99,18.61,0,3.14,1.19,2.09,2.37,1.05,3.56,0c15.98,15.46,31.95,30.91,47.93,46.37-.15-14.67-.3-29.34-.45-44.01h5.29v51.86h-8.29Z\"><\/path><\/svg><\/div>\n  <\/a>\n<\/div>\n<!-- end Underline Link Hover Effect -->\t\t\t\t<\/div>\n\t\t\t\t<\/div>\n\t\t\t\t<\/div>\n\t\t<div class=\"elementor-element elementor-element-3e0dd08 e-con-full e-flex e-con e-child\" data-id=\"3e0dd08\" data-element_type=\"container\" data-e-type=\"container\">\n\t\t\t\t<div class=\"elementor-element elementor-element-b9100e9 elementor-widget elementor-widget-image\" data-id=\"b9100e9\" data-element_type=\"widget\" data-e-type=\"widget\" data-settings=\"{&quot;_animation_mobile&quot;:&quot;fadeInUp&quot;}\" data-widget_type=\"image.default\">\n\t\t\t\t<div class=\"elementor-widget-container\">\n\t\t\t\t\t\t\t\t\t\t\t\t\t\t\t<img fetchpriority=\"high\" decoding=\"async\" width=\"800\" height=\"574\" src=\"https:\/\/www.renovatieneodak.nl\/wp-content\/uploads\/2025\/08\/686a8d41-fedf-4073-bf96-085fb0d753d0-1024x735.jpg\" class=\"attachment-large size-large wp-image-2488\" alt=\"\" srcset=\"https:\/\/www.renovatieneodak.nl\/wp-content\/uploads\/2025\/08\/686a8d41-fedf-4073-bf96-085fb0d753d0-1024x735.jpg 1024w, https:\/\/www.renovatieneodak.nl\/wp-content\/uploads\/2025\/08\/686a8d41-fedf-4073-bf96-085fb0d753d0-300x215.jpg 300w, https:\/\/www.renovatieneodak.nl\/wp-content\/uploads\/2025\/08\/686a8d41-fedf-4073-bf96-085fb0d753d0-768x551.jpg 768w, https:\/\/www.renovatieneodak.nl\/wp-content\/uploads\/2025\/08\/686a8d41-fedf-4073-bf96-085fb0d753d0.jpg 1084w\" sizes=\"(max-width: 800px) 100vw, 800px\" \/>\t\t\t\t\t\t\t\t\t\t\t\t\t\t\t<\/div>\n\t\t\t\t<\/div>\n\t\t\t\t<\/div>\n\t\t\t\t<\/div>\n\t\t\t\t\t<\/div>\n\t\t\t\t<\/div>\n\t\t<div class=\"elementor-element elementor-element-b7f87eb e-flex e-con-boxed elementor-invisible e-con e-parent\" data-id=\"b7f87eb\" data-element_type=\"container\" data-e-type=\"container\" data-settings=\"{&quot;background_background&quot;:&quot;classic&quot;,&quot;animation&quot;:&quot;fadeInUp&quot;,&quot;animation_mobile&quot;:&quot;fadeInUp&quot;}\">\n\t\t\t\t\t<div class=\"e-con-inner\">\n\t\t<div class=\"elementor-element elementor-element-aa702ce e-con-full e-flex e-con e-child\" data-id=\"aa702ce\" data-element_type=\"container\" data-e-type=\"container\">\n\t\t\t\t<div class=\"elementor-element elementor-element-7fadf4c elementor-widget elementor-widget-heading\" data-id=\"7fadf4c\" data-element_type=\"widget\" data-e-type=\"widget\" data-widget_type=\"heading.default\">\n\t\t\t\t<div class=\"elementor-widget-container\">\n\t\t\t\t\t<h2 class=\"elementor-heading-title elementor-size-default\">\nPopro\u015b o ofert\u0119<\/h2>\t\t\t\t<\/div>\n\t\t\t\t<\/div>\n\t\t\t\t<div class=\"elementor-element elementor-element-af92bcf elementor-icon-list--layout-inline elementor-align-center elementor-list-item-link-full_width elementor-widget elementor-widget-icon-list\" data-id=\"af92bcf\" data-element_type=\"widget\" data-e-type=\"widget\" data-widget_type=\"icon-list.default\">\n\t\t\t\t<div class=\"elementor-widget-container\">\n\t\t\t\t\t\t\t<ul class=\"elementor-icon-list-items elementor-inline-items\">\n\t\t\t\t\t\t\t<li class=\"elementor-icon-list-item elementor-inline-item\">\n\t\t\t\t\t\t\t\t\t\t\t<a href=\"mailto:info@neodak.nl\">\n\n\t\t\t\t\t\t\t\t\t\t\t<span class=\"elementor-icon-list-text\">info@neodak.nl<\/span>\n\t\t\t\t\t\t\t\t\t\t\t<\/a>\n\t\t\t\t\t\t\t\t\t<\/li>\n\t\t\t\t\t\t<\/ul>\n\t\t\t\t\t\t<\/div>\n\t\t\t\t<\/div>\n\t\t\t\t<div class=\"elementor-element elementor-element-a2fad0e elementor-align-center elementor-widget elementor-widget-button\" data-id=\"a2fad0e\" data-element_type=\"widget\" data-e-type=\"widget\" data-widget_type=\"button.default\">\n\t\t\t\t<div class=\"elementor-widget-container\">\n\t\t\t\t\t\t\t\t\t<div class=\"elementor-button-wrapper\">\n\t\t\t\t\t<a class=\"elementor-button elementor-button-link elementor-size-sm\" href=\"https:\/\/www.renovatieneodak.nl\/pl\/offerte\/\">\n\t\t\t\t\t\t<span class=\"elementor-button-content-wrapper\">\n\t\t\t\t\t\t\t\t\t<span class=\"elementor-button-text\">Popro\u015b o ofert\u0119<\/span>\n\t\t\t\t\t<\/span>\n\t\t\t\t\t<\/a>\n\t\t\t\t<\/div>\n\t\t\t\t\t\t\t\t<\/div>\n\t\t\t\t<\/div>\n\t\t\t\t<\/div>\n\t\t\t\t\t<\/div>\n\t\t\t\t<\/div>\n\t\t\t\t<\/div>","protected":false},"excerpt":{"rendered":"<p>Renovatie NEODAK B.V. Renovatie Voorkom verrassingen met tijdige inspectie en vakkundig herstel Ondanks de duurzaamheid van moderne dakbedekking kan het na verloop van tijd nodig zijn om een dakreparatie uit te voeren. Om grotere schade of een volledige dakrenovatie te voorkomen, is het verstandig om het dak regelmatig te laten inspecteren. Bij Neo Dak B.V. [&hellip;]<\/p>\n","protected":false},"author":1,"featured_media":0,"parent":0,"menu_order":0,"comment_status":"closed","ping_status":"closed","template":"","meta":{"footnotes":""},"class_list":["post-591","page","type-page","status-publish","hentry"],"_links":{"self":[{"href":"https:\/\/www.renovatieneodak.nl\/pl\/wp-json\/wp\/v2\/pages\/591","targetHints":{"allow":["GET"]}}],"collection":[{"href":"https:\/\/www.renovatieneodak.nl\/pl\/wp-json\/wp\/v2\/pages"}],"about":[{"href":"https:\/\/www.renovatieneodak.nl\/pl\/wp-json\/wp\/v2\/types\/page"}],"author":[{"embeddable":true,"href":"https:\/\/www.renovatieneodak.nl\/pl\/wp-json\/wp\/v2\/users\/1"}],"replies":[{"embeddable":true,"href":"https:\/\/www.renovatieneodak.nl\/pl\/wp-json\/wp\/v2\/comments?post=591"}],"version-history":[{"count":55,"href":"https:\/\/www.renovatieneodak.nl\/pl\/wp-json\/wp\/v2\/pages\/591\/revisions"}],"predecessor-version":[{"id":2492,"href":"https:\/\/www.renovatieneodak.nl\/pl\/wp-json\/wp\/v2\/pages\/591\/revisions\/2492"}],"wp:attachment":[{"href":"https:\/\/www.renovatieneodak.nl\/pl\/wp-json\/wp\/v2\/media?parent=591"}],"curies":[{"name":"wp","href":"https:\/\/api.w.org\/{rel}","templated":true}]}}